{"id":100,"date":"2016-09-17T10:56:05","date_gmt":"2016-09-17T13:56:05","guid":{"rendered":"http:\/\/216.172.172.174\/~arteecirco\/?page_id=100"},"modified":"2021-11-19T07:42:52","modified_gmt":"2021-11-19T10:42:52","slug":"shows-de-magica","status":"publish","type":"page","link":"https:\/\/arteecirco.com\/index.php\/shows-de-magica\/","title":{"rendered":"Shows de M\u00e1gica"},"content":{"rendered":"<p>[vc_row padding=&#8221;50&#8243;][vc_column][vc_row_inner][vc_column_inner][vc_column_text]<img decoding=\"async\" loading=\"lazy\" class=\"alignnone size-medium wp-image-999\" src=\"http:\/\/arteecirco.com\/wp-content\/uploads\/2016\/09\/capamrmarck.png\" alt=\"capamrmarck\" width=\"100%\" height=\"auto\" srcset=\"https:\/\/arteecirco.com\/wp-content\/uploads\/2016\/09\/capamrmarck.png 1702w, https:\/\/arteecirco.com\/wp-content\/uploads\/2016\/09\/capamrmarck-300x111.png 300w, https:\/\/arteecirco.com\/wp-content\/uploads\/2016\/09\/capamrmarck-768x284.png 768w, https:\/\/arteecirco.com\/wp-content\/uploads\/2016\/09\/capamrmarck-1024x379.png 1024w\" sizes=\"(max-width: 1702px) 100vw, 1702px\" \/>[\/vc_column_text][\/vc_column_inner][\/vc_row_inner][vc_text_separator title=&#8221;Shows de M\u00e1gica e Interven\u00e7\u00f5es&#8221; align=&#8221;align-left&#8221; margin=&#8221;10&#8243;][\/vc_column][\/vc_row][vc_row padding=&#8221;50&#8243;][vc_column width=&#8221;1\/2&#8243;][vc_column_text]<img decoding=\"async\" loading=\"lazy\" class=\"alignnone size-medium wp-image-106\" src=\"http:\/\/216.172.172.174\/~arteecirco\/wp-content\/uploads\/2016\/09\/show-magica-close-up-magico-florianopolis-arte-circo-300x168.jpg\" alt=\"show-magica-close-up-magico-florianopolis-arte-circo\" width=\"100%\" height=\"auto\" srcset=\"https:\/\/arteecirco.com\/wp-content\/uploads\/2016\/09\/show-magica-close-up-magico-florianopolis-arte-circo-300x168.jpg 300w, https:\/\/arteecirco.com\/wp-content\/uploads\/2016\/09\/show-magica-close-up-magico-florianopolis-arte-circo-768x431.jpg 768w, https:\/\/arteecirco.com\/wp-content\/uploads\/2016\/09\/show-magica-close-up-magico-florianopolis-arte-circo.jpg 800w\" sizes=\"(max-width: 300px) 100vw, 300px\" \/>[\/vc_column_text][\/vc_column][vc_column width=&#8221;1\/2&#8243;][vc_column_text]<\/p>\n<h4 class=\"p1\" style=\"text-align: justify;\"><span class=\"s2\"><b>M\u00e1gico\u00a0Close Up<\/b><\/span><\/h4>\n<p class=\"p1\" style=\"text-align: justify;\"><strong><span class=\"s2\">(Shows de 1 hora ou mais)<\/span><\/strong><\/p>\n<p class=\"p1\" style=\"text-align: justify;\"><span class=\"s1\">O M\u00e1gico interage diretamente com o p\u00fablico, fazendo m\u00e1gicas de pertinho, mostrando coisas que n\u00e3o deveriam ser poss\u00edveis, mas acabam sendo, e bem na frente dos nossos olhos.\u00a0Essa atividade \u00e9 perfeita para recep\u00e7\u00f5es e interven\u00e7\u00f5es, (mesas, filas, p\u00fablicos dispersos, lojas, etc).<\/span><\/p>\n<p>[\/vc_column_text][\/vc_column][\/vc_row][vc_row padding=&#8221;50&#8243;][vc_column width=&#8221;1\/2&#8243;][vc_column_text]<\/p>\n<h4 class=\"p1\" style=\"text-align: justify;\"><span class=\"s2\"><b>M\u00e1gico Show<\/b>\u00a0<\/span><\/h4>\n<p class=\"p1\" style=\"text-align: justify;\"><strong><span class=\"s2\">(30-40minutos)<\/span><\/strong><\/p>\n<p class=\"p1\" style=\"text-align: justify;\"><span class=\"s2\">Esse Show\u00a0 \u00e9 muito interativo e as crian\u00e7as ajudam a fazer algumas m\u00e1gicas.\u00a0<\/span><span class=\"s2\">Com \u00a0muito bom humor o M\u00e1gico arranca boas gargalhadas da plat\u00e9ia e finaliza sua apresenta\u00e7\u00e3o com a apari\u00e7\u00e3o do bichinho, que geralmente \u00e9 um coelho. <\/span><\/p>\n<p class=\"p1\" style=\"text-align: justify;\"><span class=\"s2\">(15 a 20 truques e brincadeiras)<\/span><\/p>\n<p class=\"p1\" style=\"text-align: justify;\"><span class=\"s2\">Pra ter ideia do show, segue v\u00eddeo com parte de uma apresenta\u00e7\u00e3o \ud83d\ude09\u00a0<\/span><\/p>\n<p>[\/vc_column_text][\/vc_column][vc_column width=&#8221;1\/2&#8243;][vc_column_text]<iframe loading=\"lazy\" style=\"border: none; overflow: hidden;\" src=\"https:\/\/www.facebook.com\/plugins\/video.php?href=https%3A%2F%2Fwww.facebook.com%2Fmagicoemflorianopolis%2Fvideos%2F720903394726494%2F&amp;show_text=0&amp;width=560\" width=\"560\" height=\"315\" frameborder=\"0\" scrolling=\"no\" allowfullscreen=\"allowfullscreen\"><\/iframe>[\/vc_column_text][\/vc_column][\/vc_row][vc_row bg_color=&#8221;#f5af1a&#8221; padding=&#8221;50&#8243; el_class=&#8221;orcamento&#8221;][vc_column][vc_text_separator title=&#8221;Solicite um Or\u00e7amento&#8221;][vc_button title=&#8221;Falar por Whatsapp&#8221; target=&#8221;_blank&#8221; icon=&#8221;none&#8221; size=&#8221;normal&#8221; align=&#8221;center&#8221; href=&#8221;https:\/\/api.whatsapp.com\/send?phone=5548999771895&#8243;][\/vc_column][\/vc_row][vc_row][vc_column][vc_separator][\/vc_column][\/vc_row]<\/p>\n<div id=\"gtx-trans\" style=\"position: absolute; left: 539px; top: 1336.34px;\"><\/div>\n","protected":false},"excerpt":{"rendered":"<p>[vc_row padding=&#8221;50&#8243;][vc_column][vc_row_inner][vc_column_inner][vc_column_text][\/vc_column_text][\/vc_column_inner][\/vc_row_inner][vc_text_separator title=&#8221;Shows de M\u00e1gica e Interven\u00e7\u00f5es&#8221; align=&#8221;align-left&#8221; margin=&#8221;10&#8243;][\/vc_column][\/vc_row][vc_row padding=&#8221;50&#8243;][vc_column width=&#8221;1\/2&#8243;][vc_column_text][\/vc_column_text][\/vc_column][vc_column width=&#8221;1\/2&#8243;][vc_column_text] M\u00e1gico\u00a0Close Up (Shows de 1 hora ou mais) O M\u00e1gico interage diretamente com o p\u00fablico, fazendo m\u00e1gicas de pertinho, mostrando coisas que n\u00e3o deveriam ser poss\u00edveis, mas acabam sendo, e bem na frente dos nossos olhos.\u00a0Essa atividade \u00e9 perfeita para recep\u00e7\u00f5es e interven\u00e7\u00f5es, [&hellip;]<\/p>\n","protected":false},"author":1,"featured_media":0,"parent":0,"menu_order":0,"comment_status":"closed","ping_status":"closed","template":"template-onepager.php","meta":[],"yoast_head":"<!-- This site is optimized with the Yoast SEO plugin v20.13 - https:\/\/yoast.com\/wordpress\/plugins\/seo\/ -->\n<title>Shows de M\u00e1gica - Arte &amp; Circo<\/title>\n<meta name=\"robots\" content=\"index, follow, max-snippet:-1, max-image-preview:large, max-video-preview:-1\" \/>\n<link rel=\"canonical\" href=\"https:\/\/arteecirco.com\/index.php\/shows-de-magica\/\" \/>\n<meta property=\"og:locale\" content=\"pt_BR\" \/>\n<meta property=\"og:type\" content=\"article\" \/>\n<meta property=\"og:title\" content=\"Shows de M\u00e1gica - Arte &amp; Circo\" \/>\n<meta property=\"og:description\" content=\"[vc_row padding=&#8221;50&#8243;][vc_column][vc_row_inner][vc_column_inner][vc_column_text][\/vc_column_text][\/vc_column_inner][\/vc_row_inner][vc_text_separator title=&#8221;Shows de M\u00e1gica e Interven\u00e7\u00f5es&#8221; align=&#8221;align-left&#8221; margin=&#8221;10&#8243;][\/vc_column][\/vc_row][vc_row padding=&#8221;50&#8243;][vc_column width=&#8221;1\/2&#8243;][vc_column_text][\/vc_column_text][\/vc_column][vc_column width=&#8221;1\/2&#8243;][vc_column_text] M\u00e1gico\u00a0Close Up (Shows de 1 hora ou mais) O M\u00e1gico interage diretamente com o p\u00fablico, fazendo m\u00e1gicas de pertinho, mostrando coisas que n\u00e3o deveriam ser poss\u00edveis, mas acabam sendo, e bem na frente dos nossos olhos.\u00a0Essa atividade \u00e9 perfeita para recep\u00e7\u00f5es e interven\u00e7\u00f5es, [&hellip;]\" \/>\n<meta property=\"og:url\" content=\"https:\/\/arteecirco.com\/index.php\/shows-de-magica\/\" \/>\n<meta property=\"og:site_name\" content=\"Arte &amp; Circo\" \/>\n<meta property=\"article:publisher\" content=\"https:\/\/www.facebook.com\/arteecircofloripa\" \/>\n<meta property=\"article:modified_time\" content=\"2021-11-19T10:42:52+00:00\" \/>\n<meta property=\"og:image\" content=\"http:\/\/arteecirco.com\/wp-content\/uploads\/2016\/09\/capamrmarck.png\" \/>\n<meta name=\"twitter:card\" content=\"summary_large_image\" \/>\n<meta name=\"twitter:label1\" content=\"Est. tempo de leitura\" \/>\n\t<meta name=\"twitter:data1\" content=\"1 minuto\" \/>\n<script type=\"application\/ld+json\" class=\"yoast-schema-graph\">{\"@context\":\"https:\/\/schema.org\",\"@graph\":[{\"@type\":\"WebPage\",\"@id\":\"https:\/\/arteecirco.com\/index.php\/shows-de-magica\/\",\"url\":\"https:\/\/arteecirco.com\/index.php\/shows-de-magica\/\",\"name\":\"Shows de M\u00e1gica - Arte &amp; Circo\",\"isPartOf\":{\"@id\":\"https:\/\/arteecirco.com\/#website\"},\"datePublished\":\"2016-09-17T13:56:05+00:00\",\"dateModified\":\"2021-11-19T10:42:52+00:00\",\"breadcrumb\":{\"@id\":\"https:\/\/arteecirco.com\/index.php\/shows-de-magica\/#breadcrumb\"},\"inLanguage\":\"pt-BR\",\"potentialAction\":[{\"@type\":\"ReadAction\",\"target\":[\"https:\/\/arteecirco.com\/index.php\/shows-de-magica\/\"]}]},{\"@type\":\"BreadcrumbList\",\"@id\":\"https:\/\/arteecirco.com\/index.php\/shows-de-magica\/#breadcrumb\",\"itemListElement\":[{\"@type\":\"ListItem\",\"position\":1,\"name\":\"In\u00edcio\",\"item\":\"https:\/\/arteecirco.com\/\"},{\"@type\":\"ListItem\",\"position\":2,\"name\":\"Shows de M\u00e1gica\"}]},{\"@type\":\"WebSite\",\"@id\":\"https:\/\/arteecirco.com\/#website\",\"url\":\"https:\/\/arteecirco.com\/\",\"name\":\"Arte & Circo\",\"description\":\"Show de m\u00e1gica, m\u00e1gico close up (interativo), teatro de palha\u00e7os, recrea\u00e7\u00e3o infantil, brincadeiras, malabares, perna de pau e muito mais.\",\"publisher\":{\"@id\":\"https:\/\/arteecirco.com\/#organization\"},\"potentialAction\":[{\"@type\":\"SearchAction\",\"target\":{\"@type\":\"EntryPoint\",\"urlTemplate\":\"https:\/\/arteecirco.com\/?s={search_term_string}\"},\"query-input\":\"required name=search_term_string\"}],\"inLanguage\":\"pt-BR\"},{\"@type\":\"Organization\",\"@id\":\"https:\/\/arteecirco.com\/#organization\",\"name\":\"Arte & Circo\",\"url\":\"https:\/\/arteecirco.com\/\",\"logo\":{\"@type\":\"ImageObject\",\"inLanguage\":\"pt-BR\",\"@id\":\"https:\/\/arteecirco.com\/#\/schema\/logo\/image\/\",\"url\":\"https:\/\/arteecirco.com\/wp-content\/uploads\/2016\/09\/logo-site-arte-e-circo-1.png\",\"contentUrl\":\"https:\/\/arteecirco.com\/wp-content\/uploads\/2016\/09\/logo-site-arte-e-circo-1.png\",\"width\":300,\"height\":72,\"caption\":\"Arte & Circo\"},\"image\":{\"@id\":\"https:\/\/arteecirco.com\/#\/schema\/logo\/image\/\"},\"sameAs\":[\"https:\/\/www.facebook.com\/arteecircofloripa\",\"https:\/\/www.instagram.com\/arteecirco_com\/\"]}]}<\/script>\n<!-- \/ Yoast SEO plugin. -->","yoast_head_json":{"title":"Shows de M\u00e1gica - Arte &amp; Circo","robots":{"index":"index","follow":"follow","max-snippet":"max-snippet:-1","max-image-preview":"max-image-preview:large","max-video-preview":"max-video-preview:-1"},"canonical":"https:\/\/arteecirco.com\/index.php\/shows-de-magica\/","og_locale":"pt_BR","og_type":"article","og_title":"Shows de M\u00e1gica - Arte &amp; Circo","og_description":"[vc_row padding=&#8221;50&#8243;][vc_column][vc_row_inner][vc_column_inner][vc_column_text][\/vc_column_text][\/vc_column_inner][\/vc_row_inner][vc_text_separator title=&#8221;Shows de M\u00e1gica e Interven\u00e7\u00f5es&#8221; align=&#8221;align-left&#8221; margin=&#8221;10&#8243;][\/vc_column][\/vc_row][vc_row padding=&#8221;50&#8243;][vc_column width=&#8221;1\/2&#8243;][vc_column_text][\/vc_column_text][\/vc_column][vc_column width=&#8221;1\/2&#8243;][vc_column_text] M\u00e1gico\u00a0Close Up (Shows de 1 hora ou mais) O M\u00e1gico interage diretamente com o p\u00fablico, fazendo m\u00e1gicas de pertinho, mostrando coisas que n\u00e3o deveriam ser poss\u00edveis, mas acabam sendo, e bem na frente dos nossos olhos.\u00a0Essa atividade \u00e9 perfeita para recep\u00e7\u00f5es e interven\u00e7\u00f5es, [&hellip;]","og_url":"https:\/\/arteecirco.com\/index.php\/shows-de-magica\/","og_site_name":"Arte &amp; Circo","article_publisher":"https:\/\/www.facebook.com\/arteecircofloripa","article_modified_time":"2021-11-19T10:42:52+00:00","og_image":[{"url":"http:\/\/arteecirco.com\/wp-content\/uploads\/2016\/09\/capamrmarck.png"}],"twitter_card":"summary_large_image","twitter_misc":{"Est. tempo de leitura":"1 minuto"},"schema":{"@context":"https:\/\/schema.org","@graph":[{"@type":"WebPage","@id":"https:\/\/arteecirco.com\/index.php\/shows-de-magica\/","url":"https:\/\/arteecirco.com\/index.php\/shows-de-magica\/","name":"Shows de M\u00e1gica - Arte &amp; Circo","isPartOf":{"@id":"https:\/\/arteecirco.com\/#website"},"datePublished":"2016-09-17T13:56:05+00:00","dateModified":"2021-11-19T10:42:52+00:00","breadcrumb":{"@id":"https:\/\/arteecirco.com\/index.php\/shows-de-magica\/#breadcrumb"},"inLanguage":"pt-BR","potentialAction":[{"@type":"ReadAction","target":["https:\/\/arteecirco.com\/index.php\/shows-de-magica\/"]}]},{"@type":"BreadcrumbList","@id":"https:\/\/arteecirco.com\/index.php\/shows-de-magica\/#breadcrumb","itemListElement":[{"@type":"ListItem","position":1,"name":"In\u00edcio","item":"https:\/\/arteecirco.com\/"},{"@type":"ListItem","position":2,"name":"Shows de M\u00e1gica"}]},{"@type":"WebSite","@id":"https:\/\/arteecirco.com\/#website","url":"https:\/\/arteecirco.com\/","name":"Arte & Circo","description":"Show de m\u00e1gica, m\u00e1gico close up (interativo), teatro de palha\u00e7os, recrea\u00e7\u00e3o infantil, brincadeiras, malabares, perna de pau e muito mais.","publisher":{"@id":"https:\/\/arteecirco.com\/#organization"},"potentialAction":[{"@type":"SearchAction","target":{"@type":"EntryPoint","urlTemplate":"https:\/\/arteecirco.com\/?s={search_term_string}"},"query-input":"required name=search_term_string"}],"inLanguage":"pt-BR"},{"@type":"Organization","@id":"https:\/\/arteecirco.com\/#organization","name":"Arte & Circo","url":"https:\/\/arteecirco.com\/","logo":{"@type":"ImageObject","inLanguage":"pt-BR","@id":"https:\/\/arteecirco.com\/#\/schema\/logo\/image\/","url":"https:\/\/arteecirco.com\/wp-content\/uploads\/2016\/09\/logo-site-arte-e-circo-1.png","contentUrl":"https:\/\/arteecirco.com\/wp-content\/uploads\/2016\/09\/logo-site-arte-e-circo-1.png","width":300,"height":72,"caption":"Arte & Circo"},"image":{"@id":"https:\/\/arteecirco.com\/#\/schema\/logo\/image\/"},"sameAs":["https:\/\/www.facebook.com\/arteecircofloripa","https:\/\/www.instagram.com\/arteecirco_com\/"]}]}},"_links":{"self":[{"href":"https:\/\/arteecirco.com\/index.php\/wp-json\/wp\/v2\/pages\/100"}],"collection":[{"href":"https:\/\/arteecirco.com\/index.php\/wp-json\/wp\/v2\/pages"}],"about":[{"href":"https:\/\/arteecirco.com\/index.php\/wp-json\/wp\/v2\/types\/page"}],"author":[{"embeddable":true,"href":"https:\/\/arteecirco.com\/index.php\/wp-json\/wp\/v2\/users\/1"}],"replies":[{"embeddable":true,"href":"https:\/\/arteecirco.com\/index.php\/wp-json\/wp\/v2\/comments?post=100"}],"version-history":[{"count":17,"href":"https:\/\/arteecirco.com\/index.php\/wp-json\/wp\/v2\/pages\/100\/revisions"}],"predecessor-version":[{"id":1638,"href":"https:\/\/arteecirco.com\/index.php\/wp-json\/wp\/v2\/pages\/100\/revisions\/1638"}],"wp:attachment":[{"href":"https:\/\/arteecirco.com\/index.php\/wp-json\/wp\/v2\/media?parent=100"}],"curies":[{"name":"wp","href":"https:\/\/api.w.org\/{rel}","templated":true}]}}