{"id":111,"date":"2016-09-18T20:59:50","date_gmt":"2016-09-18T23:59:50","guid":{"rendered":"http:\/\/216.172.172.174\/~arteecirco\/?page_id=111"},"modified":"2021-11-19T07:43:28","modified_gmt":"2021-11-19T10:43:28","slug":"shows-para-o-publico-infantil","status":"publish","type":"page","link":"https:\/\/arteecirco.com\/index.php\/shows-para-o-publico-infantil\/","title":{"rendered":"Shows para o P\u00fablico Infantil"},"content":{"rendered":"<p>[vc_row padding=&#8221;50&#8243;][vc_column][vc_text_separator title=&#8221;Teatro de Palha\u00e7os&#8221; align=&#8221;align-left&#8221; margin=&#8221;10&#8243;][\/vc_column][\/vc_row][vc_row padding=&#8221;50&#8243;][vc_column width=&#8221;1\/2&#8243;][\/vc_column][vc_column width=&#8221;1\/2&#8243;][vc_column_text]<\/p>\n<h4 class=\"p1\" style=\"text-align: justify;\"><b><\/b><strong><span class=\"s2\">Teatro dos M\u00edmicos<\/span><\/strong><\/h4>\n<h4 class=\"p1\" style=\"text-align: justify;\"><strong><span class=\"s2\">(25 minutos &#8211; 2 artistas)<\/span><\/strong><\/h4>\n<p class=\"p1\" style=\"text-align: justify;\"><span class=\"s1\">Neste teatro, os artistas (02) fazem uma apresenta\u00e7\u00e3o sem igual, com muita mimica e truques de m\u00e1gicas horr\u00edveis que garantem muitas boas risadas. Para quaisquer idades, este show cativa adultos e crian\u00e7as.<\/span><\/p>\n<p>[\/vc_column_text][\/vc_column][\/vc_row][vc_row padding=&#8221;50&#8243;][vc_column width=&#8221;1\/2&#8243;][vc_raw_html]JTNDaWZyYW1lJTIwd2lkdGglM0QlMjI1NjAlMjIlMjBoZWlnaHQlM0QlMjIzMTUlMjIlMjBzcmMlM0QlMjJodHRwcyUzQSUyRiUyRnd3dy55b3V0dWJlLmNvbSUyRmVtYmVkJTJGYXcwR3BRU3k3ekUlMjIlMjBmcmFtZWJvcmRlciUzRCUyMjAlMjIlMjBhbGxvdyUzRCUyMmFjY2VsZXJvbWV0ZXIlM0IlMjBhdXRvcGxheSUzQiUyMGVuY3J5cHRlZC1tZWRpYSUzQiUyMGd5cm9zY29wZSUzQiUyMHBpY3R1cmUtaW4tcGljdHVyZSUyMiUyMGFsbG93ZnVsbHNjcmVlbiUzRSUzQyUyRmlmcmFtZSUzRQ==[\/vc_raw_html][\/vc_column][vc_column width=&#8221;1\/2&#8243;][vc_column_text]<\/p>\n<h4 class=\"p1\" style=\"text-align: justify;\"><b><\/b><strong><span class=\"s2\">Teatro de 2 Palha\u00e7os<\/span><\/strong><\/h4>\n<h4 class=\"p1\" style=\"text-align: justify;\"><strong><span class=\"s2\">(1 hora &#8211; 2 artistas)<\/span><\/strong><\/h4>\n<p class=\"p1\" style=\"text-align: justify;\"><span class=\"s1\">Este teatro inicia com os palha\u00e7os mostrando para o p\u00fablico algumas atividades que aprendem no circo, tais como: Malabares diverso, m\u00e1gicas equilibrismo. Segue o espet\u00e1culo e os palha\u00e7os entram com seu belo repert\u00f3rio de palha\u00e7adas, arrancando boas gargalhadas do p\u00fablico. Bastante ing\u00eanuo e muito engra\u00e7ado, o teatro consegue cativar o p\u00fablico adulto e infantil.\u00a0<\/span><\/p>\n<p>[\/vc_column_text][\/vc_column][\/vc_row][vc_row padding=&#8221;50&#8243;][vc_column width=&#8221;1\/2&#8243;][vc_column_text]<\/p>\n<h4 class=\"p1\" style=\"text-align: justify;\"><b><\/b><strong><span class=\"s2\">Teatro Atrapalha\u00e7os<\/span><\/strong><\/h4>\n<h4 class=\"p1\" style=\"text-align: justify;\"><strong><span class=\"s2\">(40 minutos &#8211; 2 artistas)<\/span><\/strong><\/h4>\n<p class=\"p1\" style=\"text-align: justify;\"><span class=\"s1\">Uma apresenta\u00e7\u00e3o super legal, onde os dois artistas (Mexerica e Bigorna) aprontam v\u00e1rias perip\u00e9cias, traquinagens e palha\u00e7adas.<\/span><\/p>\n<p class=\"p1\" style=\"text-align: justify;\"><span class=\"s1\">Com m\u00edmicas, m\u00e1gicas, malabarismos diversos e esquetes. esse teatro \u00e9 indicado para todas as idades e os mais variados p\u00fablicos.<\/span><\/p>\n<p class=\"p1\" style=\"text-align: justify;\"><span class=\"s1\">Rir n\u00e3o ser\u00e1 uma op\u00e7\u00e3o, ser\u00e1 uma certeza.<\/span><\/p>\n<p>[\/vc_column_text][\/vc_column][vc_column width=&#8221;1\/2&#8243;][vc_column_text]<iframe loading=\"lazy\" style=\"border: none; overflow: hidden;\" src=\"https:\/\/www.facebook.com\/plugins\/video.php?href=https%3A%2F%2Fwww.facebook.com%2Fartecirco.floripa%2Fvideos%2F307341622737678%2F&amp;show_text=0&amp;width=560\" width=\"560\" height=\"315\" frameborder=\"0\" scrolling=\"no\" allowfullscreen=\"allowfullscreen\"><\/iframe>[\/vc_column_text][\/vc_column][\/vc_row][vc_row padding=&#8221;50&#8243;][vc_column][vc_column_text]<\/p>\n<h4 class=\"p1\" style=\"text-align: justify;\"><b><\/b><strong><span class=\"s2\">Fantoches &#8211; Conta\u00e7\u00e3o de Hist\u00f3rias<\/span><\/strong><\/h4>\n<h4 class=\"p1\" style=\"text-align: justify;\"><strong><span class=\"s2\">(03 hist\u00f3rias a escolher, todas com m\u00e9dia de 10 minutos)<\/span><\/strong><\/h4>\n<ul class=\"ul1\">\n<li class=\"li1\"><span class=\"s2\">O Coelho Friorento;<\/span><\/li>\n<li class=\"li1\"><span class=\"s2\">O Segredo do Jacarelo;<\/span><\/li>\n<li class=\"li1\"><span class=\"s2\">Bioca o Peixinho;<\/span><\/li>\n<li class=\"li1\"><span class=\"s2\">O\u00a0Pr\u00edncipe\u00a0Er\u00ea;<\/span><\/li>\n<li class=\"li1\"><span class=\"s2\">Arabela, a Princesa mimada que s\u00f3 ela;<\/span><\/li>\n<\/ul>\n<p>[\/vc_column_text][\/vc_column][\/vc_row][vc_row padding=&#8221;50&#8243; bg_color=&#8221;#f5af1a&#8221;][vc_column][vc_text_separator title=&#8221;Solicite um Or\u00e7amento&#8221; margin=&#8221;20&#8243;][vc_button title=&#8221;Falar por Whatsapp&#8221; target=&#8221;_blank&#8221; icon=&#8221;none&#8221; size=&#8221;normal&#8221; align=&#8221;center&#8221; href=&#8221;https:\/\/api.whatsapp.com\/send?phone=5548999771895&#8243;][\/vc_column][\/vc_row][vc_row][vc_column][vc_separator][\/vc_column][\/vc_row]<\/p>\n<div id=\"gtx-trans\" style=\"position: absolute; left: 636px; top: 1633.19px;\"><\/div>\n","protected":false},"excerpt":{"rendered":"<p>[vc_row padding=&#8221;50&#8243;][vc_column][vc_text_separator title=&#8221;Teatro de Palha\u00e7os&#8221; align=&#8221;align-left&#8221; margin=&#8221;10&#8243;][\/vc_column][\/vc_row][vc_row padding=&#8221;50&#8243;][vc_column width=&#8221;1\/2&#8243;][\/vc_column][vc_column width=&#8221;1\/2&#8243;][vc_column_text] Teatro dos M\u00edmicos (25 minutos &#8211; 2 artistas) Neste teatro, os artistas (02) fazem uma apresenta\u00e7\u00e3o sem igual, com muita mimica e truques de m\u00e1gicas horr\u00edveis que garantem muitas boas risadas. Para quaisquer idades, este show cativa adultos e crian\u00e7as. [\/vc_column_text][\/vc_column][\/vc_row][vc_row padding=&#8221;50&#8243;][vc_column width=&#8221;1\/2&#8243;][vc_raw_html]JTNDaWZyYW1lJTIwd2lkdGglM0QlMjI1NjAlMjIlMjBoZWlnaHQlM0QlMjIzMTUlMjIlMjBzcmMlM0QlMjJodHRwcyUzQSUyRiUyRnd3dy55b3V0dWJlLmNvbSUyRmVtYmVkJTJGYXcwR3BRU3k3ekUlMjIlMjBmcmFtZWJvcmRlciUzRCUyMjAlMjIlMjBhbGxvdyUzRCUyMmFjY2VsZXJvbWV0ZXIlM0IlMjBhdXRvcGxheSUzQiUyMGVuY3J5cHRlZC1tZWRpYSUzQiUyMGd5cm9zY29wZSUzQiUyMHBpY3R1cmUtaW4tcGljdHVyZSUyMiUyMGFsbG93ZnVsbHNjcmVlbiUzRSUzQyUyRmlmcmFtZSUzRQ==[\/vc_raw_html][\/vc_column][vc_column width=&#8221;1\/2&#8243;][vc_column_text] Teatro [&hellip;]<\/p>\n","protected":false},"author":1,"featured_media":0,"parent":0,"menu_order":0,"comment_status":"closed","ping_status":"closed","template":"","meta":[],"yoast_head":"<!-- This site is optimized with the Yoast SEO plugin v20.13 - https:\/\/yoast.com\/wordpress\/plugins\/seo\/ -->\n<title>Shows para o P\u00fablico Infantil - Arte &amp; Circo<\/title>\n<meta name=\"robots\" content=\"index, follow, max-snippet:-1, max-image-preview:large, max-video-preview:-1\" \/>\n<link rel=\"canonical\" href=\"https:\/\/arteecirco.com\/index.php\/shows-para-o-publico-infantil\/\" \/>\n<meta property=\"og:locale\" content=\"pt_BR\" \/>\n<meta property=\"og:type\" content=\"article\" \/>\n<meta property=\"og:title\" content=\"Shows para o P\u00fablico Infantil - Arte &amp; Circo\" \/>\n<meta property=\"og:description\" content=\"[vc_row padding=&#8221;50&#8243;][vc_column][vc_text_separator title=&#8221;Teatro de Palha\u00e7os&#8221; align=&#8221;align-left&#8221; margin=&#8221;10&#8243;][\/vc_column][\/vc_row][vc_row padding=&#8221;50&#8243;][vc_column width=&#8221;1\/2&#8243;][\/vc_column][vc_column width=&#8221;1\/2&#8243;][vc_column_text] Teatro dos M\u00edmicos (25 minutos &#8211; 2 artistas) Neste teatro, os artistas (02) fazem uma apresenta\u00e7\u00e3o sem igual, com muita mimica e truques de m\u00e1gicas horr\u00edveis que garantem muitas boas risadas. Para quaisquer idades, este show cativa adultos e crian\u00e7as. [\/vc_column_text][\/vc_column][\/vc_row][vc_row padding=&#8221;50&#8243;][vc_column width=&#8221;1\/2&#8243;][vc_raw_html]JTNDaWZyYW1lJTIwd2lkdGglM0QlMjI1NjAlMjIlMjBoZWlnaHQlM0QlMjIzMTUlMjIlMjBzcmMlM0QlMjJodHRwcyUzQSUyRiUyRnd3dy55b3V0dWJlLmNvbSUyRmVtYmVkJTJGYXcwR3BRU3k3ekUlMjIlMjBmcmFtZWJvcmRlciUzRCUyMjAlMjIlMjBhbGxvdyUzRCUyMmFjY2VsZXJvbWV0ZXIlM0IlMjBhdXRvcGxheSUzQiUyMGVuY3J5cHRlZC1tZWRpYSUzQiUyMGd5cm9zY29wZSUzQiUyMHBpY3R1cmUtaW4tcGljdHVyZSUyMiUyMGFsbG93ZnVsbHNjcmVlbiUzRSUzQyUyRmlmcmFtZSUzRQ==[\/vc_raw_html][\/vc_column][vc_column width=&#8221;1\/2&#8243;][vc_column_text] Teatro [&hellip;]\" \/>\n<meta property=\"og:url\" content=\"https:\/\/arteecirco.com\/index.php\/shows-para-o-publico-infantil\/\" \/>\n<meta property=\"og:site_name\" content=\"Arte &amp; Circo\" \/>\n<meta property=\"article:publisher\" content=\"https:\/\/www.facebook.com\/arteecircofloripa\" \/>\n<meta property=\"article:modified_time\" content=\"2021-11-19T10:43:28+00:00\" \/>\n<meta name=\"twitter:card\" content=\"summary_large_image\" \/>\n<meta name=\"twitter:label1\" content=\"Est. tempo de leitura\" \/>\n\t<meta name=\"twitter:data1\" content=\"2 minutos\" \/>\n<script type=\"application\/ld+json\" class=\"yoast-schema-graph\">{\"@context\":\"https:\/\/schema.org\",\"@graph\":[{\"@type\":\"WebPage\",\"@id\":\"https:\/\/arteecirco.com\/index.php\/shows-para-o-publico-infantil\/\",\"url\":\"https:\/\/arteecirco.com\/index.php\/shows-para-o-publico-infantil\/\",\"name\":\"Shows para o P\u00fablico Infantil - Arte &amp; Circo\",\"isPartOf\":{\"@id\":\"https:\/\/arteecirco.com\/#website\"},\"datePublished\":\"2016-09-18T23:59:50+00:00\",\"dateModified\":\"2021-11-19T10:43:28+00:00\",\"breadcrumb\":{\"@id\":\"https:\/\/arteecirco.com\/index.php\/shows-para-o-publico-infantil\/#breadcrumb\"},\"inLanguage\":\"pt-BR\",\"potentialAction\":[{\"@type\":\"ReadAction\",\"target\":[\"https:\/\/arteecirco.com\/index.php\/shows-para-o-publico-infantil\/\"]}]},{\"@type\":\"BreadcrumbList\",\"@id\":\"https:\/\/arteecirco.com\/index.php\/shows-para-o-publico-infantil\/#breadcrumb\",\"itemListElement\":[{\"@type\":\"ListItem\",\"position\":1,\"name\":\"In\u00edcio\",\"item\":\"https:\/\/arteecirco.com\/\"},{\"@type\":\"ListItem\",\"position\":2,\"name\":\"Shows para o P\u00fablico Infantil\"}]},{\"@type\":\"WebSite\",\"@id\":\"https:\/\/arteecirco.com\/#website\",\"url\":\"https:\/\/arteecirco.com\/\",\"name\":\"Arte & Circo\",\"description\":\"Show de m\u00e1gica, m\u00e1gico close up (interativo), teatro de palha\u00e7os, recrea\u00e7\u00e3o infantil, brincadeiras, malabares, perna de pau e muito mais.\",\"publisher\":{\"@id\":\"https:\/\/arteecirco.com\/#organization\"},\"potentialAction\":[{\"@type\":\"SearchAction\",\"target\":{\"@type\":\"EntryPoint\",\"urlTemplate\":\"https:\/\/arteecirco.com\/?s={search_term_string}\"},\"query-input\":\"required name=search_term_string\"}],\"inLanguage\":\"pt-BR\"},{\"@type\":\"Organization\",\"@id\":\"https:\/\/arteecirco.com\/#organization\",\"name\":\"Arte & Circo\",\"url\":\"https:\/\/arteecirco.com\/\",\"logo\":{\"@type\":\"ImageObject\",\"inLanguage\":\"pt-BR\",\"@id\":\"https:\/\/arteecirco.com\/#\/schema\/logo\/image\/\",\"url\":\"https:\/\/arteecirco.com\/wp-content\/uploads\/2016\/09\/logo-site-arte-e-circo-1.png\",\"contentUrl\":\"https:\/\/arteecirco.com\/wp-content\/uploads\/2016\/09\/logo-site-arte-e-circo-1.png\",\"width\":300,\"height\":72,\"caption\":\"Arte & Circo\"},\"image\":{\"@id\":\"https:\/\/arteecirco.com\/#\/schema\/logo\/image\/\"},\"sameAs\":[\"https:\/\/www.facebook.com\/arteecircofloripa\",\"https:\/\/www.instagram.com\/arteecirco_com\/\"]}]}<\/script>\n<!-- \/ Yoast SEO plugin. -->","yoast_head_json":{"title":"Shows para o P\u00fablico Infantil - Arte &amp; Circo","robots":{"index":"index","follow":"follow","max-snippet":"max-snippet:-1","max-image-preview":"max-image-preview:large","max-video-preview":"max-video-preview:-1"},"canonical":"https:\/\/arteecirco.com\/index.php\/shows-para-o-publico-infantil\/","og_locale":"pt_BR","og_type":"article","og_title":"Shows para o P\u00fablico Infantil - Arte &amp; Circo","og_description":"[vc_row padding=&#8221;50&#8243;][vc_column][vc_text_separator title=&#8221;Teatro de Palha\u00e7os&#8221; align=&#8221;align-left&#8221; margin=&#8221;10&#8243;][\/vc_column][\/vc_row][vc_row padding=&#8221;50&#8243;][vc_column width=&#8221;1\/2&#8243;][\/vc_column][vc_column width=&#8221;1\/2&#8243;][vc_column_text] Teatro dos M\u00edmicos (25 minutos &#8211; 2 artistas) Neste teatro, os artistas (02) fazem uma apresenta\u00e7\u00e3o sem igual, com muita mimica e truques de m\u00e1gicas horr\u00edveis que garantem muitas boas risadas. Para quaisquer idades, este show cativa adultos e crian\u00e7as. [\/vc_column_text][\/vc_column][\/vc_row][vc_row padding=&#8221;50&#8243;][vc_column width=&#8221;1\/2&#8243;][vc_raw_html]JTNDaWZyYW1lJTIwd2lkdGglM0QlMjI1NjAlMjIlMjBoZWlnaHQlM0QlMjIzMTUlMjIlMjBzcmMlM0QlMjJodHRwcyUzQSUyRiUyRnd3dy55b3V0dWJlLmNvbSUyRmVtYmVkJTJGYXcwR3BRU3k3ekUlMjIlMjBmcmFtZWJvcmRlciUzRCUyMjAlMjIlMjBhbGxvdyUzRCUyMmFjY2VsZXJvbWV0ZXIlM0IlMjBhdXRvcGxheSUzQiUyMGVuY3J5cHRlZC1tZWRpYSUzQiUyMGd5cm9zY29wZSUzQiUyMHBpY3R1cmUtaW4tcGljdHVyZSUyMiUyMGFsbG93ZnVsbHNjcmVlbiUzRSUzQyUyRmlmcmFtZSUzRQ==[\/vc_raw_html][\/vc_column][vc_column width=&#8221;1\/2&#8243;][vc_column_text] Teatro [&hellip;]","og_url":"https:\/\/arteecirco.com\/index.php\/shows-para-o-publico-infantil\/","og_site_name":"Arte &amp; Circo","article_publisher":"https:\/\/www.facebook.com\/arteecircofloripa","article_modified_time":"2021-11-19T10:43:28+00:00","twitter_card":"summary_large_image","twitter_misc":{"Est. tempo de leitura":"2 minutos"},"schema":{"@context":"https:\/\/schema.org","@graph":[{"@type":"WebPage","@id":"https:\/\/arteecirco.com\/index.php\/shows-para-o-publico-infantil\/","url":"https:\/\/arteecirco.com\/index.php\/shows-para-o-publico-infantil\/","name":"Shows para o P\u00fablico Infantil - Arte &amp; Circo","isPartOf":{"@id":"https:\/\/arteecirco.com\/#website"},"datePublished":"2016-09-18T23:59:50+00:00","dateModified":"2021-11-19T10:43:28+00:00","breadcrumb":{"@id":"https:\/\/arteecirco.com\/index.php\/shows-para-o-publico-infantil\/#breadcrumb"},"inLanguage":"pt-BR","potentialAction":[{"@type":"ReadAction","target":["https:\/\/arteecirco.com\/index.php\/shows-para-o-publico-infantil\/"]}]},{"@type":"BreadcrumbList","@id":"https:\/\/arteecirco.com\/index.php\/shows-para-o-publico-infantil\/#breadcrumb","itemListElement":[{"@type":"ListItem","position":1,"name":"In\u00edcio","item":"https:\/\/arteecirco.com\/"},{"@type":"ListItem","position":2,"name":"Shows para o P\u00fablico Infantil"}]},{"@type":"WebSite","@id":"https:\/\/arteecirco.com\/#website","url":"https:\/\/arteecirco.com\/","name":"Arte & Circo","description":"Show de m\u00e1gica, m\u00e1gico close up (interativo), teatro de palha\u00e7os, recrea\u00e7\u00e3o infantil, brincadeiras, malabares, perna de pau e muito mais.","publisher":{"@id":"https:\/\/arteecirco.com\/#organization"},"potentialAction":[{"@type":"SearchAction","target":{"@type":"EntryPoint","urlTemplate":"https:\/\/arteecirco.com\/?s={search_term_string}"},"query-input":"required name=search_term_string"}],"inLanguage":"pt-BR"},{"@type":"Organization","@id":"https:\/\/arteecirco.com\/#organization","name":"Arte & Circo","url":"https:\/\/arteecirco.com\/","logo":{"@type":"ImageObject","inLanguage":"pt-BR","@id":"https:\/\/arteecirco.com\/#\/schema\/logo\/image\/","url":"https:\/\/arteecirco.com\/wp-content\/uploads\/2016\/09\/logo-site-arte-e-circo-1.png","contentUrl":"https:\/\/arteecirco.com\/wp-content\/uploads\/2016\/09\/logo-site-arte-e-circo-1.png","width":300,"height":72,"caption":"Arte & Circo"},"image":{"@id":"https:\/\/arteecirco.com\/#\/schema\/logo\/image\/"},"sameAs":["https:\/\/www.facebook.com\/arteecircofloripa","https:\/\/www.instagram.com\/arteecirco_com\/"]}]}},"_links":{"self":[{"href":"https:\/\/arteecirco.com\/index.php\/wp-json\/wp\/v2\/pages\/111"}],"collection":[{"href":"https:\/\/arteecirco.com\/index.php\/wp-json\/wp\/v2\/pages"}],"about":[{"href":"https:\/\/arteecirco.com\/index.php\/wp-json\/wp\/v2\/types\/page"}],"author":[{"embeddable":true,"href":"https:\/\/arteecirco.com\/index.php\/wp-json\/wp\/v2\/users\/1"}],"replies":[{"embeddable":true,"href":"https:\/\/arteecirco.com\/index.php\/wp-json\/wp\/v2\/comments?post=111"}],"version-history":[{"count":5,"href":"https:\/\/arteecirco.com\/index.php\/wp-json\/wp\/v2\/pages\/111\/revisions"}],"predecessor-version":[{"id":1639,"href":"https:\/\/arteecirco.com\/index.php\/wp-json\/wp\/v2\/pages\/111\/revisions\/1639"}],"wp:attachment":[{"href":"https:\/\/arteecirco.com\/index.php\/wp-json\/wp\/v2\/media?parent=111"}],"curies":[{"name":"wp","href":"https:\/\/api.w.org\/{rel}","templated":true}]}}