{"id":124,"date":"2016-09-18T22:01:41","date_gmt":"2016-09-19T01:01:41","guid":{"rendered":"http:\/\/216.172.172.174\/~arteecirco\/?page_id=124"},"modified":"2021-11-19T07:45:51","modified_gmt":"2021-11-19T10:45:51","slug":"shows-circenses","status":"publish","type":"page","link":"https:\/\/arteecirco.com\/index.php\/shows-circenses\/","title":{"rendered":"Shows Circenses"},"content":{"rendered":"<p>[vc_row padding=&#8221;50&#8243;][vc_column][vc_text_separator title=&#8221;Shows e Apresenta\u00e7\u00f5es&#8221; align=&#8221;align-left&#8221; margin=&#8221;10&#8243;][\/vc_column][\/vc_row][vc_row padding=&#8221;50&#8243;][vc_column width=&#8221;1\/2&#8243;][vc_column_text]<\/p>\n<h4 class=\"p1\"><span class=\"s3\">Bambol\u00eas e Malabares<\/span><\/h4>\n<ul>\n<li class=\"p1\"><span class=\"s2\"><b>Show\u00a0de Bambol\u00eas\u00a0<\/b>(02 artistas) (10 minutos) (NOVO) &#8211;\u00a0<\/span><span class=\"s2\">As meninas s\u00e3o demais, com muita gra\u00e7a e agilidade, essas meninas fazem manobras muitos legais com seus bambol\u00eas, iniciando a apresenta\u00e7\u00e3o com 01 bambol\u00ea e encerrando com 04 bambol\u00eas em cena.<\/span><\/li>\n<li class=\"p3\"><span class=\"s2\"><b>Show com Malabares Luminescentes:(02 artistas) \u00a0&#8211;\u00a0<\/b><\/span><span class=\"s2\">Super show onde as luzes parecem flutuar como por m\u00e1gica.<\/span><\/li>\n<li class=\"p3\"><span class=\"s2\"><b>Show<\/b>\u00a0com\u00a0<b>Malabares<\/b>: (m\u00e9dia de 10 minutos)<\/span><\/li>\n<li class=\"p3\"><span class=\"s2\"><b>Show<\/b>\u00a0com\u00a0<b>Malabares Diversos<\/b>: \u00a0(m\u00e9dia de 20 \u00a0minutos) &#8211;\u00a0<\/span><span class=\"s2\">Apresenta\u00e7\u00e3o de malabarismos diversos, que inclui: bolinhas, clavas, argolas, bolas de basquete equilibradas na boca e na ponta dos indicadores, diabol\u00f4, cones de tr\u00e2nsito, malabares luminescentes e malabarismos com fogo.<\/span><\/li>\n<li class=\"p3\"><span class=\"s2\"><b>Show<\/b>\u00a0com\u00a0<b>Malabares de Fogo<\/b>: \u00a0(m\u00e9dia de 10 minutos)<\/span><\/li>\n<\/ul>\n<p>[\/vc_column_text][\/vc_column][vc_column width=&#8221;1\/2&#8243;][vc_column_text]<img decoding=\"async\" loading=\"lazy\" class=\"alignnone size-medium wp-image-778\" src=\"http:\/\/arteecirco.com\/wp-content\/uploads\/2016\/09\/46d02fcc94212e69aa96e68f70093ab4-300x200.jpg\" alt=\"46d02fcc94212e69aa96e68f70093ab4\" width=\"300\" height=\"200\" srcset=\"https:\/\/arteecirco.com\/wp-content\/uploads\/2016\/09\/46d02fcc94212e69aa96e68f70093ab4-300x200.jpg 300w, https:\/\/arteecirco.com\/wp-content\/uploads\/2016\/09\/46d02fcc94212e69aa96e68f70093ab4-768x513.jpg 768w, https:\/\/arteecirco.com\/wp-content\/uploads\/2016\/09\/46d02fcc94212e69aa96e68f70093ab4.jpg 800w\" sizes=\"(max-width: 300px) 100vw, 300px\" \/>[\/vc_column_text][\/vc_column][\/vc_row][vc_row padding=&#8221;50&#8243;][vc_column width=&#8221;1\/2&#8243;][vc_column_text]<\/p>\n<div class=\"krown-thumbnail-gallery clearfix\"><a class=\"fancybox fancybox-thumb first\" data-fancybox-group=\"gallery-1\" data-fancybox-title=\"\" href=\"https:\/\/arteecirco.com\/wp-content\/uploads\/2016\/09\/f40d66591ced5c4f8e6768996a3cab29.jpg\" style=\"width:20%\"><img src=\"https:\/\/arteecirco.com\/wp-content\/uploads\/2016\/09\/f40d66591ced5c4f8e6768996a3cab29.jpg\" \/><\/a><a class=\"fancybox fancybox-thumb\" data-fancybox-group=\"gallery-1\" data-fancybox-title=\"\" href=\"https:\/\/arteecirco.com\/wp-content\/uploads\/2016\/09\/cd7f9a28aee3b47caf782e087e5c2087.jpg\" style=\"width:20%\"><img src=\"https:\/\/arteecirco.com\/wp-content\/uploads\/2016\/09\/cd7f9a28aee3b47caf782e087e5c2087.jpg\" \/><\/a><a class=\"fancybox fancybox-thumb\" data-fancybox-group=\"gallery-1\" data-fancybox-title=\"\" href=\"https:\/\/arteecirco.com\/wp-content\/uploads\/2016\/09\/d5d5aafc10fabc4c343632b6b7acdc34.jpg\" style=\"width:20%\"><img src=\"https:\/\/arteecirco.com\/wp-content\/uploads\/2016\/09\/d5d5aafc10fabc4c343632b6b7acdc34.jpg\" \/><\/a><a class=\"fancybox fancybox-thumb\" data-fancybox-group=\"gallery-1\" data-fancybox-title=\"\" href=\"https:\/\/arteecirco.com\/wp-content\/uploads\/2016\/09\/c0978995048ddd6a66ffcdc4d52e24c0.jpg\" style=\"width:20%\"><img src=\"https:\/\/arteecirco.com\/wp-content\/uploads\/2016\/09\/c0978995048ddd6a66ffcdc4d52e24c0.jpg\" \/><\/a><a class=\"fancybox fancybox-thumb last\" data-fancybox-group=\"gallery-1\" data-fancybox-title=\"\" href=\"https:\/\/arteecirco.com\/wp-content\/uploads\/2016\/09\/7c28e60d6bb1d23caa8183de3a73f554.jpg\" style=\"width:20%\"><img src=\"https:\/\/arteecirco.com\/wp-content\/uploads\/2016\/09\/7c28e60d6bb1d23caa8183de3a73f554.jpg\" \/><\/a><a class=\"fancybox fancybox-thumb first\" data-fancybox-group=\"gallery-1\" data-fancybox-title=\"\" href=\"https:\/\/arteecirco.com\/wp-content\/uploads\/2016\/09\/d2278193253c355050fa686f3eed1b34.jpg\" style=\"width:20%\"><img src=\"https:\/\/arteecirco.com\/wp-content\/uploads\/2016\/09\/d2278193253c355050fa686f3eed1b34.jpg\" \/><\/a><a class=\"fancybox fancybox-thumb\" data-fancybox-group=\"gallery-1\" data-fancybox-title=\"\" href=\"https:\/\/arteecirco.com\/wp-content\/uploads\/2016\/09\/d18412ed077cb9d287950325a0a4f11f.jpg\" style=\"width:20%\"><img src=\"https:\/\/arteecirco.com\/wp-content\/uploads\/2016\/09\/d18412ed077cb9d287950325a0a4f11f.jpg\" \/><\/a><a class=\"fancybox fancybox-thumb\" data-fancybox-group=\"gallery-1\" data-fancybox-title=\"\" href=\"https:\/\/arteecirco.com\/wp-content\/uploads\/2016\/09\/c1b1a37c97990a2f3725bd3b03fe64b3.jpg\" style=\"width:20%\"><img src=\"https:\/\/arteecirco.com\/wp-content\/uploads\/2016\/09\/c1b1a37c97990a2f3725bd3b03fe64b3.jpg\" \/><\/a><a class=\"fancybox fancybox-thumb\" data-fancybox-group=\"gallery-1\" data-fancybox-title=\"\" href=\"https:\/\/arteecirco.com\/wp-content\/uploads\/2016\/09\/c8a351fd2ebe965d1914dce85d993897.jpg\" style=\"width:20%\"><img src=\"https:\/\/arteecirco.com\/wp-content\/uploads\/2016\/09\/c8a351fd2ebe965d1914dce85d993897.jpg\" \/><\/a><a class=\"fancybox fancybox-thumb last\" data-fancybox-group=\"gallery-1\" data-fancybox-title=\"\" href=\"https:\/\/arteecirco.com\/wp-content\/uploads\/2016\/09\/9601908fe91abb07c23eb2fee40baa5d.jpg\" style=\"width:20%\"><img src=\"https:\/\/arteecirco.com\/wp-content\/uploads\/2016\/09\/9601908fe91abb07c23eb2fee40baa5d.jpg\" \/><\/a><\/div>\n<p>[\/vc_column_text][\/vc_column][vc_column width=&#8221;1\/2&#8243;][vc_column_text]<\/p>\n<h4 class=\"p1\"><span class=\"s3\">Contorcionismo<\/span><\/h4>\n<ul>\n<li class=\"p1\">Contorcionismo<br \/>\nAcrobacias a\u00e9reas em<br \/>\nLira, tecido, trapezio e fitas<\/li>\n<\/ul>\n<p>[\/vc_column_text][\/vc_column][\/vc_row][vc_row padding=&#8221;50&#8243; bg_color=&#8221;#f5af1a&#8221;][vc_column][vc_text_separator title=&#8221;Solicite um Or\u00e7amento&#8221; margin=&#8221;20&#8243;][vc_button title=&#8221;Falar por Whatsapp&#8221; target=&#8221;_blank&#8221; icon=&#8221;none&#8221; size=&#8221;normal&#8221; align=&#8221;center&#8221; href=&#8221;https:\/\/api.whatsapp.com\/send?phone=5548999771895&#8243;][\/vc_column][\/vc_row][vc_row][vc_column][vc_separator][\/vc_column][\/vc_row][vc_row][vc_column][vc_column_text]<\/p>\n<div id=\"gtx-trans\" style=\"position: absolute; left: 638px; top: 1368.22px;\"><\/div>\n<p>[\/vc_column_text][\/vc_column][\/vc_row]<\/p>\n","protected":false},"excerpt":{"rendered":"<p>[vc_row padding=&#8221;50&#8243;][vc_column][vc_text_separator title=&#8221;Shows e Apresenta\u00e7\u00f5es&#8221; align=&#8221;align-left&#8221; margin=&#8221;10&#8243;][\/vc_column][\/vc_row][vc_row padding=&#8221;50&#8243;][vc_column width=&#8221;1\/2&#8243;][vc_column_text] Bambol\u00eas e Malabares Show\u00a0de Bambol\u00eas\u00a0(02 artistas) (10 minutos) (NOVO) &#8211;\u00a0As meninas s\u00e3o demais, com muita gra\u00e7a e agilidade, essas meninas fazem manobras muitos legais com seus bambol\u00eas, iniciando a apresenta\u00e7\u00e3o com 01 bambol\u00ea e encerrando com 04 bambol\u00eas em cena. Show com Malabares Luminescentes:(02 artistas) \u00a0&#8211;\u00a0Super [&hellip;]<\/p>\n","protected":false},"author":1,"featured_media":0,"parent":0,"menu_order":0,"comment_status":"closed","ping_status":"closed","template":"","meta":[],"yoast_head":"<!-- This site is optimized with the Yoast SEO plugin v20.13 - https:\/\/yoast.com\/wordpress\/plugins\/seo\/ -->\n<title>Shows Circenses - Arte &amp; Circo<\/title>\n<meta name=\"robots\" content=\"index, follow, max-snippet:-1, max-image-preview:large, max-video-preview:-1\" \/>\n<link rel=\"canonical\" href=\"https:\/\/arteecirco.com\/index.php\/shows-circenses\/\" \/>\n<meta property=\"og:locale\" content=\"pt_BR\" \/>\n<meta property=\"og:type\" content=\"article\" \/>\n<meta property=\"og:title\" content=\"Shows Circenses - Arte &amp; Circo\" \/>\n<meta property=\"og:description\" content=\"[vc_row padding=&#8221;50&#8243;][vc_column][vc_text_separator title=&#8221;Shows e Apresenta\u00e7\u00f5es&#8221; align=&#8221;align-left&#8221; margin=&#8221;10&#8243;][\/vc_column][\/vc_row][vc_row padding=&#8221;50&#8243;][vc_column width=&#8221;1\/2&#8243;][vc_column_text] Bambol\u00eas e Malabares Show\u00a0de Bambol\u00eas\u00a0(02 artistas) (10 minutos) (NOVO) &#8211;\u00a0As meninas s\u00e3o demais, com muita gra\u00e7a e agilidade, essas meninas fazem manobras muitos legais com seus bambol\u00eas, iniciando a apresenta\u00e7\u00e3o com 01 bambol\u00ea e encerrando com 04 bambol\u00eas em cena. Show com Malabares Luminescentes:(02 artistas) \u00a0&#8211;\u00a0Super [&hellip;]\" \/>\n<meta property=\"og:url\" content=\"https:\/\/arteecirco.com\/index.php\/shows-circenses\/\" \/>\n<meta property=\"og:site_name\" content=\"Arte &amp; Circo\" \/>\n<meta property=\"article:publisher\" content=\"https:\/\/www.facebook.com\/arteecircofloripa\" \/>\n<meta property=\"article:modified_time\" content=\"2021-11-19T10:45:51+00:00\" \/>\n<meta property=\"og:image\" content=\"https:\/\/arteecirco.com\/wp-content\/uploads\/2016\/09\/f40d66591ced5c4f8e6768996a3cab29.jpg\" \/>\n<meta name=\"twitter:card\" content=\"summary_large_image\" \/>\n<meta name=\"twitter:label1\" content=\"Est. tempo de leitura\" \/>\n\t<meta name=\"twitter:data1\" content=\"1 minuto\" \/>\n<script type=\"application\/ld+json\" class=\"yoast-schema-graph\">{\"@context\":\"https:\/\/schema.org\",\"@graph\":[{\"@type\":\"WebPage\",\"@id\":\"https:\/\/arteecirco.com\/index.php\/shows-circenses\/\",\"url\":\"https:\/\/arteecirco.com\/index.php\/shows-circenses\/\",\"name\":\"Shows Circenses - Arte &amp; Circo\",\"isPartOf\":{\"@id\":\"https:\/\/arteecirco.com\/#website\"},\"datePublished\":\"2016-09-19T01:01:41+00:00\",\"dateModified\":\"2021-11-19T10:45:51+00:00\",\"breadcrumb\":{\"@id\":\"https:\/\/arteecirco.com\/index.php\/shows-circenses\/#breadcrumb\"},\"inLanguage\":\"pt-BR\",\"potentialAction\":[{\"@type\":\"ReadAction\",\"target\":[\"https:\/\/arteecirco.com\/index.php\/shows-circenses\/\"]}]},{\"@type\":\"BreadcrumbList\",\"@id\":\"https:\/\/arteecirco.com\/index.php\/shows-circenses\/#breadcrumb\",\"itemListElement\":[{\"@type\":\"ListItem\",\"position\":1,\"name\":\"In\u00edcio\",\"item\":\"https:\/\/arteecirco.com\/\"},{\"@type\":\"ListItem\",\"position\":2,\"name\":\"Shows Circenses\"}]},{\"@type\":\"WebSite\",\"@id\":\"https:\/\/arteecirco.com\/#website\",\"url\":\"https:\/\/arteecirco.com\/\",\"name\":\"Arte & Circo\",\"description\":\"Show de m\u00e1gica, m\u00e1gico close up (interativo), teatro de palha\u00e7os, recrea\u00e7\u00e3o infantil, brincadeiras, malabares, perna de pau e muito mais.\",\"publisher\":{\"@id\":\"https:\/\/arteecirco.com\/#organization\"},\"potentialAction\":[{\"@type\":\"SearchAction\",\"target\":{\"@type\":\"EntryPoint\",\"urlTemplate\":\"https:\/\/arteecirco.com\/?s={search_term_string}\"},\"query-input\":\"required name=search_term_string\"}],\"inLanguage\":\"pt-BR\"},{\"@type\":\"Organization\",\"@id\":\"https:\/\/arteecirco.com\/#organization\",\"name\":\"Arte & Circo\",\"url\":\"https:\/\/arteecirco.com\/\",\"logo\":{\"@type\":\"ImageObject\",\"inLanguage\":\"pt-BR\",\"@id\":\"https:\/\/arteecirco.com\/#\/schema\/logo\/image\/\",\"url\":\"https:\/\/arteecirco.com\/wp-content\/uploads\/2016\/09\/logo-site-arte-e-circo-1.png\",\"contentUrl\":\"https:\/\/arteecirco.com\/wp-content\/uploads\/2016\/09\/logo-site-arte-e-circo-1.png\",\"width\":300,\"height\":72,\"caption\":\"Arte & Circo\"},\"image\":{\"@id\":\"https:\/\/arteecirco.com\/#\/schema\/logo\/image\/\"},\"sameAs\":[\"https:\/\/www.facebook.com\/arteecircofloripa\",\"https:\/\/www.instagram.com\/arteecirco_com\/\"]}]}<\/script>\n<!-- \/ Yoast SEO plugin. -->","yoast_head_json":{"title":"Shows Circenses - Arte &amp; Circo","robots":{"index":"index","follow":"follow","max-snippet":"max-snippet:-1","max-image-preview":"max-image-preview:large","max-video-preview":"max-video-preview:-1"},"canonical":"https:\/\/arteecirco.com\/index.php\/shows-circenses\/","og_locale":"pt_BR","og_type":"article","og_title":"Shows Circenses - Arte &amp; Circo","og_description":"[vc_row padding=&#8221;50&#8243;][vc_column][vc_text_separator title=&#8221;Shows e Apresenta\u00e7\u00f5es&#8221; align=&#8221;align-left&#8221; margin=&#8221;10&#8243;][\/vc_column][\/vc_row][vc_row padding=&#8221;50&#8243;][vc_column width=&#8221;1\/2&#8243;][vc_column_text] Bambol\u00eas e Malabares Show\u00a0de Bambol\u00eas\u00a0(02 artistas) (10 minutos) (NOVO) &#8211;\u00a0As meninas s\u00e3o demais, com muita gra\u00e7a e agilidade, essas meninas fazem manobras muitos legais com seus bambol\u00eas, iniciando a apresenta\u00e7\u00e3o com 01 bambol\u00ea e encerrando com 04 bambol\u00eas em cena. Show com Malabares Luminescentes:(02 artistas) \u00a0&#8211;\u00a0Super [&hellip;]","og_url":"https:\/\/arteecirco.com\/index.php\/shows-circenses\/","og_site_name":"Arte &amp; Circo","article_publisher":"https:\/\/www.facebook.com\/arteecircofloripa","article_modified_time":"2021-11-19T10:45:51+00:00","og_image":[{"url":"https:\/\/arteecirco.com\/wp-content\/uploads\/2016\/09\/f40d66591ced5c4f8e6768996a3cab29.jpg"}],"twitter_card":"summary_large_image","twitter_misc":{"Est. tempo de leitura":"1 minuto"},"schema":{"@context":"https:\/\/schema.org","@graph":[{"@type":"WebPage","@id":"https:\/\/arteecirco.com\/index.php\/shows-circenses\/","url":"https:\/\/arteecirco.com\/index.php\/shows-circenses\/","name":"Shows Circenses - Arte &amp; Circo","isPartOf":{"@id":"https:\/\/arteecirco.com\/#website"},"datePublished":"2016-09-19T01:01:41+00:00","dateModified":"2021-11-19T10:45:51+00:00","breadcrumb":{"@id":"https:\/\/arteecirco.com\/index.php\/shows-circenses\/#breadcrumb"},"inLanguage":"pt-BR","potentialAction":[{"@type":"ReadAction","target":["https:\/\/arteecirco.com\/index.php\/shows-circenses\/"]}]},{"@type":"BreadcrumbList","@id":"https:\/\/arteecirco.com\/index.php\/shows-circenses\/#breadcrumb","itemListElement":[{"@type":"ListItem","position":1,"name":"In\u00edcio","item":"https:\/\/arteecirco.com\/"},{"@type":"ListItem","position":2,"name":"Shows Circenses"}]},{"@type":"WebSite","@id":"https:\/\/arteecirco.com\/#website","url":"https:\/\/arteecirco.com\/","name":"Arte & Circo","description":"Show de m\u00e1gica, m\u00e1gico close up (interativo), teatro de palha\u00e7os, recrea\u00e7\u00e3o infantil, brincadeiras, malabares, perna de pau e muito mais.","publisher":{"@id":"https:\/\/arteecirco.com\/#organization"},"potentialAction":[{"@type":"SearchAction","target":{"@type":"EntryPoint","urlTemplate":"https:\/\/arteecirco.com\/?s={search_term_string}"},"query-input":"required name=search_term_string"}],"inLanguage":"pt-BR"},{"@type":"Organization","@id":"https:\/\/arteecirco.com\/#organization","name":"Arte & Circo","url":"https:\/\/arteecirco.com\/","logo":{"@type":"ImageObject","inLanguage":"pt-BR","@id":"https:\/\/arteecirco.com\/#\/schema\/logo\/image\/","url":"https:\/\/arteecirco.com\/wp-content\/uploads\/2016\/09\/logo-site-arte-e-circo-1.png","contentUrl":"https:\/\/arteecirco.com\/wp-content\/uploads\/2016\/09\/logo-site-arte-e-circo-1.png","width":300,"height":72,"caption":"Arte & Circo"},"image":{"@id":"https:\/\/arteecirco.com\/#\/schema\/logo\/image\/"},"sameAs":["https:\/\/www.facebook.com\/arteecircofloripa","https:\/\/www.instagram.com\/arteecirco_com\/"]}]}},"_links":{"self":[{"href":"https:\/\/arteecirco.com\/index.php\/wp-json\/wp\/v2\/pages\/124"}],"collection":[{"href":"https:\/\/arteecirco.com\/index.php\/wp-json\/wp\/v2\/pages"}],"about":[{"href":"https:\/\/arteecirco.com\/index.php\/wp-json\/wp\/v2\/types\/page"}],"author":[{"embeddable":true,"href":"https:\/\/arteecirco.com\/index.php\/wp-json\/wp\/v2\/users\/1"}],"replies":[{"embeddable":true,"href":"https:\/\/arteecirco.com\/index.php\/wp-json\/wp\/v2\/comments?post=124"}],"version-history":[{"count":6,"href":"https:\/\/arteecirco.com\/index.php\/wp-json\/wp\/v2\/pages\/124\/revisions"}],"predecessor-version":[{"id":1641,"href":"https:\/\/arteecirco.com\/index.php\/wp-json\/wp\/v2\/pages\/124\/revisions\/1641"}],"wp:attachment":[{"href":"https:\/\/arteecirco.com\/index.php\/wp-json\/wp\/v2\/media?parent=124"}],"curies":[{"name":"wp","href":"https:\/\/api.w.org\/{rel}","templated":true}]}}