{"id":2,"date":"2016-09-16T11:16:40","date_gmt":"2016-09-16T14:16:40","guid":{"rendered":"http:\/\/216.172.172.174\/~arteecirco\/?page_id=2"},"modified":"2016-10-05T18:50:24","modified_gmt":"2016-10-05T21:50:24","slug":"pagina-exemplo","status":"publish","type":"page","link":"https:\/\/arteecirco.com\/index.php\/pagina-exemplo\/","title":{"rendered":"Blog"},"content":{"rendered":"<p>[vc_row][vc_column]<div class=\"krown-latest-posts clearfix standard\"><div class=\"krown-column-row clearfix\"><article id=\"post-1114\" class=\"post-standard standard-post span6 clearfix post-1114 post type-post status-publish format-standard has-post-thumbnail hentry category-show-de-magica\"><div class=\"content\"><a href=\"https:\/\/arteecirco.com\/index.php\/2017\/01\/17\/magica-em-casamentos\/\" class=\"post-title\"><h3>M\u00e1gica em Casamentos<\/h3><\/a><ul class=\"post-meta clearfix\">\r\n        <li class=\"date\"><a href=\"https:\/\/arteecirco.com\/index.php\/2017\/01\/17\/magica-em-casamentos\/\">17 jan, 2017<\/a><\/li>\r\n        <li class=\"comments\"><a href=\"https:\/\/arteecirco.com\/index.php\/2017\/01\/17\/magica-em-casamentos\/#comments\">0 Comments<\/a><\/li>\r\n    <\/ul>\r\n\r\n    <p class=\"post-excerpt\">Todo casamento \u00e9 um pouco m\u00e1gico n\u00e3o \u00e9 mesmo? Hoje em dia os casamentos possuem diversos protocolos, desde a igreja at\u00e9 a recep\u00e7\u00e3o. H\u00e1 espa\u00e7os de tempo durante a festa ...<\/p><a class=\"krown-button small post-more\" href=\"https:\/\/arteecirco.com\/index.php\/2017\/01\/17\/magica-em-casamentos\/\" class=\"krown-button\">Read More<i class=\"krown-icon-right-open\"><\/i><\/a><\/div>\r\n\r\n    <\/article><article id=\"post-1003\" class=\"post-standard standard-post span6 clearfix post-1003 post type-post status-publish format-standard has-post-thumbnail hentry category-noticias\"><div class=\"content\"><a href=\"https:\/\/arteecirco.com\/index.php\/2016\/10\/25\/5-motivos-para-voce-contratar-um-show-de-magica\/\" class=\"post-title\"><h3>5 motivos para voc\u00ea contratar um Show de M\u00e1gica<\/h3><\/a><ul class=\"post-meta clearfix\">\r\n        <li class=\"date\"><a href=\"https:\/\/arteecirco.com\/index.php\/2016\/10\/25\/5-motivos-para-voce-contratar-um-show-de-magica\/\">25 out, 2016<\/a><\/li>\r\n        <li class=\"comments\"><a href=\"https:\/\/arteecirco.com\/index.php\/2016\/10\/25\/5-motivos-para-voce-contratar-um-show-de-magica\/#comments\">0 Comments<\/a><\/li>\r\n    <\/ul>\r\n\r\n    <p class=\"post-excerpt\">Quer impactar seus clientes neste final de ano? Contrate um Show de M\u00e1gica com Mr. Marck! N\u00f3s separamos 5\u00a0motivos para voc\u00ea se convencer de que esta \u00e9 a melhor atra\u00e7\u00e3o ...<\/p><a class=\"krown-button small post-more\" href=\"https:\/\/arteecirco.com\/index.php\/2016\/10\/25\/5-motivos-para-voce-contratar-um-show-de-magica\/\" class=\"krown-button\">Read More<i class=\"krown-icon-right-open\"><\/i><\/a><\/div>\r\n\r\n    <\/article><\/div><div class=\"krown-column-row clearfix\"><article id=\"post-994\" class=\"post-standard standard-post span6 clearfix post-994 post type-post status-publish format-standard has-post-thumbnail hentry category-brincadeiras\"><div class=\"content\"><a href=\"https:\/\/arteecirco.com\/index.php\/2016\/10\/14\/outubro-kids-bumerangue-caseiro\/\" class=\"post-title\"><h3>Outubro Kids &#8211; Bumerangue Caseiro<\/h3><\/a><ul class=\"post-meta clearfix\">\r\n        <li class=\"date\"><a href=\"https:\/\/arteecirco.com\/index.php\/2016\/10\/14\/outubro-kids-bumerangue-caseiro\/\">14 out, 2016<\/a><\/li>\r\n        <li class=\"comments\"><a href=\"https:\/\/arteecirco.com\/index.php\/2016\/10\/14\/outubro-kids-bumerangue-caseiro\/#comments\">0 Comments<\/a><\/li>\r\n    <\/ul>\r\n\r\n    <p class=\"post-excerpt\">Voc\u00ea j\u00e1 brincou de bumerangue? \u00c9 uma das brincadeiras mais legais que voc\u00ea pode fazer com seus filhos e hoje n\u00f3s trouxemos esse v\u00eddeo do canal que a gente ama, ...<\/p><a class=\"krown-button small post-more\" href=\"https:\/\/arteecirco.com\/index.php\/2016\/10\/14\/outubro-kids-bumerangue-caseiro\/\" class=\"krown-button\">Read More<i class=\"krown-icon-right-open\"><\/i><\/a><\/div>\r\n\r\n    <\/article><article id=\"post-933\" class=\"post-standard standard-post span6 clearfix post-933 post type-post status-publish format-standard has-post-thumbnail hentry category-brincadeiras\"><div class=\"content\"><a href=\"https:\/\/arteecirco.com\/index.php\/2016\/10\/11\/outubro-kids-brinquedos-com-caixa-de-leite\/\" class=\"post-title\"><h3>Outubro Kids &#8211; Brinquedos com Caixa de Leite<\/h3><\/a><ul class=\"post-meta clearfix\">\r\n        <li class=\"date\"><a href=\"https:\/\/arteecirco.com\/index.php\/2016\/10\/11\/outubro-kids-brinquedos-com-caixa-de-leite\/\">11 out, 2016<\/a><\/li>\r\n        <li class=\"comments\"><a href=\"https:\/\/arteecirco.com\/index.php\/2016\/10\/11\/outubro-kids-brinquedos-com-caixa-de-leite\/#comments\">0 Comments<\/a><\/li>\r\n    <\/ul>\r\n\r\n    <p class=\"post-excerpt\">Ensinar as crian\u00e7as a fazer brinquedos com material recicl\u00e1vel \u00e9 despertar nelas o sentido de cuidado com a natureza, com a economia e o combate ao desperd\u00edcio. Seguindo a nossa ...<\/p><a class=\"krown-button small post-more\" href=\"https:\/\/arteecirco.com\/index.php\/2016\/10\/11\/outubro-kids-brinquedos-com-caixa-de-leite\/\" class=\"krown-button\">Read More<i class=\"krown-icon-right-open\"><\/i><\/a><\/div>\r\n\r\n    <\/article><\/div><div class=\"krown-column-row clearfix\"><article id=\"post-929\" class=\"post-standard standard-post span6 clearfix post-929 post type-post status-publish format-standard has-post-thumbnail hentry category-brincadeiras\"><div class=\"content\"><a href=\"https:\/\/arteecirco.com\/index.php\/2016\/10\/07\/outubro-kids-pista-de-corrida-com-macarrao-de-piscina\/\" class=\"post-title\"><h3>Outubro Kids &#8211; Pista de Corrida com Macarr\u00e3o de Piscina<\/h3><\/a><ul class=\"post-meta clearfix\">\r\n        <li class=\"date\"><a href=\"https:\/\/arteecirco.com\/index.php\/2016\/10\/07\/outubro-kids-pista-de-corrida-com-macarrao-de-piscina\/\">7 out, 2016<\/a><\/li>\r\n        <li class=\"comments\"><a href=\"https:\/\/arteecirco.com\/index.php\/2016\/10\/07\/outubro-kids-pista-de-corrida-com-macarrao-de-piscina\/#comments\">0 Comments<\/a><\/li>\r\n    <\/ul>\r\n\r\n    <p class=\"post-excerpt\">Sabe aquele macarr\u00e3o de piscina que est\u00e1 meio velho e sem uso? Ent\u00e3o, d\u00e1 para dividir ao meio e fazer esta deliciosa pista de corrida para ver quem tem a ...<\/p><a class=\"krown-button small post-more\" href=\"https:\/\/arteecirco.com\/index.php\/2016\/10\/07\/outubro-kids-pista-de-corrida-com-macarrao-de-piscina\/\" class=\"krown-button\">Read More<i class=\"krown-icon-right-open\"><\/i><\/a><\/div>\r\n\r\n    <\/article><article id=\"post-924\" class=\"post-standard standard-post span6 clearfix post-924 post type-post status-publish format-standard has-post-thumbnail hentry category-brincadeiras\"><div class=\"content\"><a href=\"https:\/\/arteecirco.com\/index.php\/2016\/10\/05\/outubro-kids-jogo-da-memoria-com-prato-descartavel\/\" class=\"post-title\"><h3>Outubro Kids &#8211; Jogo da Mem\u00f3ria com Prato Descart\u00e1vel<\/h3><\/a><ul class=\"post-meta clearfix\">\r\n        <li class=\"date\"><a href=\"https:\/\/arteecirco.com\/index.php\/2016\/10\/05\/outubro-kids-jogo-da-memoria-com-prato-descartavel\/\">5 out, 2016<\/a><\/li>\r\n        <li class=\"comments\"><a href=\"https:\/\/arteecirco.com\/index.php\/2016\/10\/05\/outubro-kids-jogo-da-memoria-com-prato-descartavel\/#comments\">0 Comments<\/a><\/li>\r\n    <\/ul>\r\n\r\n    <p class=\"post-excerpt\">Uma das brincadeiras mais antigas e que toda crian\u00e7a adora \u00e9 o jogo da mem\u00f3ria! Al\u00e9m disso \u00e9 uma daquelas brincadeiras que seus filhos podem brincar sozinhos quando n\u00e3o d\u00e1 ...<\/p><a class=\"krown-button small post-more\" href=\"https:\/\/arteecirco.com\/index.php\/2016\/10\/05\/outubro-kids-jogo-da-memoria-com-prato-descartavel\/\" class=\"krown-button\">Read More<i class=\"krown-icon-right-open\"><\/i><\/a><\/div>\r\n\r\n    <\/article><\/div><\/div><div class=\"infinite-barrier\"><i class=\"krown-icon-spin4 animate-spin\"><\/i><p class=\"end\">No More Posts<\/p><a id=\"infinite-link\" href=\"https:\/\/arteecirco.com\/index.php\/wp-json\/wp\/v2\/pages\/2\/page\/2\/\">Load More Posts<\/a><\/div>[\/vc_column][\/vc_row]<\/p>\n","protected":false},"excerpt":{"rendered":"<p>[vc_row][vc_column][\/vc_column][\/vc_row]<\/p>\n","protected":false},"author":1,"featured_media":0,"parent":0,"menu_order":0,"comment_status":"closed","ping_status":"open","template":"","meta":[],"yoast_head":"<!-- This site is optimized with the Yoast SEO plugin v20.13 - https:\/\/yoast.com\/wordpress\/plugins\/seo\/ -->\n<title>Blog - Arte &amp; Circo<\/title>\n<meta name=\"robots\" content=\"index, follow, max-snippet:-1, max-image-preview:large, max-video-preview:-1\" \/>\n<link rel=\"canonical\" href=\"https:\/\/arteecirco.com\/index.php\/pagina-exemplo\/\" \/>\n<meta property=\"og:locale\" content=\"pt_BR\" \/>\n<meta property=\"og:type\" content=\"article\" \/>\n<meta property=\"og:title\" content=\"Blog - Arte &amp; Circo\" \/>\n<meta property=\"og:description\" content=\"[vc_row][vc_column][\/vc_column][\/vc_row]\" \/>\n<meta property=\"og:url\" content=\"https:\/\/arteecirco.com\/index.php\/pagina-exemplo\/\" \/>\n<meta property=\"og:site_name\" content=\"Arte &amp; Circo\" \/>\n<meta property=\"article:publisher\" content=\"https:\/\/www.facebook.com\/arteecircofloripa\" \/>\n<meta property=\"article:modified_time\" content=\"2016-10-05T21:50:24+00:00\" \/>\n<meta name=\"twitter:card\" content=\"summary_large_image\" \/>\n<script type=\"application\/ld+json\" class=\"yoast-schema-graph\">{\"@context\":\"https:\/\/schema.org\",\"@graph\":[{\"@type\":\"WebPage\",\"@id\":\"https:\/\/arteecirco.com\/index.php\/pagina-exemplo\/\",\"url\":\"https:\/\/arteecirco.com\/index.php\/pagina-exemplo\/\",\"name\":\"Blog - Arte &amp; Circo\",\"isPartOf\":{\"@id\":\"https:\/\/arteecirco.com\/#website\"},\"datePublished\":\"2016-09-16T14:16:40+00:00\",\"dateModified\":\"2016-10-05T21:50:24+00:00\",\"breadcrumb\":{\"@id\":\"https:\/\/arteecirco.com\/index.php\/pagina-exemplo\/#breadcrumb\"},\"inLanguage\":\"pt-BR\",\"potentialAction\":[{\"@type\":\"ReadAction\",\"target\":[\"https:\/\/arteecirco.com\/index.php\/pagina-exemplo\/\"]}]},{\"@type\":\"BreadcrumbList\",\"@id\":\"https:\/\/arteecirco.com\/index.php\/pagina-exemplo\/#breadcrumb\",\"itemListElement\":[{\"@type\":\"ListItem\",\"position\":1,\"name\":\"In\u00edcio\",\"item\":\"https:\/\/arteecirco.com\/\"},{\"@type\":\"ListItem\",\"position\":2,\"name\":\"Blog\"}]},{\"@type\":\"WebSite\",\"@id\":\"https:\/\/arteecirco.com\/#website\",\"url\":\"https:\/\/arteecirco.com\/\",\"name\":\"Arte & Circo\",\"description\":\"Show de m\u00e1gica, m\u00e1gico close up (interativo), teatro de palha\u00e7os, recrea\u00e7\u00e3o infantil, brincadeiras, malabares, perna de pau e muito mais.\",\"publisher\":{\"@id\":\"https:\/\/arteecirco.com\/#organization\"},\"potentialAction\":[{\"@type\":\"SearchAction\",\"target\":{\"@type\":\"EntryPoint\",\"urlTemplate\":\"https:\/\/arteecirco.com\/?s={search_term_string}\"},\"query-input\":\"required name=search_term_string\"}],\"inLanguage\":\"pt-BR\"},{\"@type\":\"Organization\",\"@id\":\"https:\/\/arteecirco.com\/#organization\",\"name\":\"Arte & Circo\",\"url\":\"https:\/\/arteecirco.com\/\",\"logo\":{\"@type\":\"ImageObject\",\"inLanguage\":\"pt-BR\",\"@id\":\"https:\/\/arteecirco.com\/#\/schema\/logo\/image\/\",\"url\":\"https:\/\/arteecirco.com\/wp-content\/uploads\/2016\/09\/logo-site-arte-e-circo-1.png\",\"contentUrl\":\"https:\/\/arteecirco.com\/wp-content\/uploads\/2016\/09\/logo-site-arte-e-circo-1.png\",\"width\":300,\"height\":72,\"caption\":\"Arte & Circo\"},\"image\":{\"@id\":\"https:\/\/arteecirco.com\/#\/schema\/logo\/image\/\"},\"sameAs\":[\"https:\/\/www.facebook.com\/arteecircofloripa\",\"https:\/\/www.instagram.com\/arteecirco_com\/\"]}]}<\/script>\n<!-- \/ Yoast SEO plugin. -->","yoast_head_json":{"title":"Blog - Arte &amp; Circo","robots":{"index":"index","follow":"follow","max-snippet":"max-snippet:-1","max-image-preview":"max-image-preview:large","max-video-preview":"max-video-preview:-1"},"canonical":"https:\/\/arteecirco.com\/index.php\/pagina-exemplo\/","og_locale":"pt_BR","og_type":"article","og_title":"Blog - Arte &amp; Circo","og_description":"[vc_row][vc_column][\/vc_column][\/vc_row]","og_url":"https:\/\/arteecirco.com\/index.php\/pagina-exemplo\/","og_site_name":"Arte &amp; Circo","article_publisher":"https:\/\/www.facebook.com\/arteecircofloripa","article_modified_time":"2016-10-05T21:50:24+00:00","twitter_card":"summary_large_image","schema":{"@context":"https:\/\/schema.org","@graph":[{"@type":"WebPage","@id":"https:\/\/arteecirco.com\/index.php\/pagina-exemplo\/","url":"https:\/\/arteecirco.com\/index.php\/pagina-exemplo\/","name":"Blog - Arte &amp; Circo","isPartOf":{"@id":"https:\/\/arteecirco.com\/#website"},"datePublished":"2016-09-16T14:16:40+00:00","dateModified":"2016-10-05T21:50:24+00:00","breadcrumb":{"@id":"https:\/\/arteecirco.com\/index.php\/pagina-exemplo\/#breadcrumb"},"inLanguage":"pt-BR","potentialAction":[{"@type":"ReadAction","target":["https:\/\/arteecirco.com\/index.php\/pagina-exemplo\/"]}]},{"@type":"BreadcrumbList","@id":"https:\/\/arteecirco.com\/index.php\/pagina-exemplo\/#breadcrumb","itemListElement":[{"@type":"ListItem","position":1,"name":"In\u00edcio","item":"https:\/\/arteecirco.com\/"},{"@type":"ListItem","position":2,"name":"Blog"}]},{"@type":"WebSite","@id":"https:\/\/arteecirco.com\/#website","url":"https:\/\/arteecirco.com\/","name":"Arte & Circo","description":"Show de m\u00e1gica, m\u00e1gico close up (interativo), teatro de palha\u00e7os, recrea\u00e7\u00e3o infantil, brincadeiras, malabares, perna de pau e muito mais.","publisher":{"@id":"https:\/\/arteecirco.com\/#organization"},"potentialAction":[{"@type":"SearchAction","target":{"@type":"EntryPoint","urlTemplate":"https:\/\/arteecirco.com\/?s={search_term_string}"},"query-input":"required name=search_term_string"}],"inLanguage":"pt-BR"},{"@type":"Organization","@id":"https:\/\/arteecirco.com\/#organization","name":"Arte & Circo","url":"https:\/\/arteecirco.com\/","logo":{"@type":"ImageObject","inLanguage":"pt-BR","@id":"https:\/\/arteecirco.com\/#\/schema\/logo\/image\/","url":"https:\/\/arteecirco.com\/wp-content\/uploads\/2016\/09\/logo-site-arte-e-circo-1.png","contentUrl":"https:\/\/arteecirco.com\/wp-content\/uploads\/2016\/09\/logo-site-arte-e-circo-1.png","width":300,"height":72,"caption":"Arte & Circo"},"image":{"@id":"https:\/\/arteecirco.com\/#\/schema\/logo\/image\/"},"sameAs":["https:\/\/www.facebook.com\/arteecircofloripa","https:\/\/www.instagram.com\/arteecirco_com\/"]}]}},"_links":{"self":[{"href":"https:\/\/arteecirco.com\/index.php\/wp-json\/wp\/v2\/pages\/2"}],"collection":[{"href":"https:\/\/arteecirco.com\/index.php\/wp-json\/wp\/v2\/pages"}],"about":[{"href":"https:\/\/arteecirco.com\/index.php\/wp-json\/wp\/v2\/types\/page"}],"author":[{"embeddable":true,"href":"https:\/\/arteecirco.com\/index.php\/wp-json\/wp\/v2\/users\/1"}],"replies":[{"embeddable":true,"href":"https:\/\/arteecirco.com\/index.php\/wp-json\/wp\/v2\/comments?post=2"}],"version-history":[{"count":2,"href":"https:\/\/arteecirco.com\/index.php\/wp-json\/wp\/v2\/pages\/2\/revisions"}],"predecessor-version":[{"id":928,"href":"https:\/\/arteecirco.com\/index.php\/wp-json\/wp\/v2\/pages\/2\/revisions\/928"}],"wp:attachment":[{"href":"https:\/\/arteecirco.com\/index.php\/wp-json\/wp\/v2\/media?parent=2"}],"curies":[{"name":"wp","href":"https:\/\/api.w.org\/{rel}","templated":true}]}}